{"id":224,"date":"2014-01-08T12:00:19","date_gmt":"2014-01-08T11:00:19","guid":{"rendered":"http:\/\/vejr.tomas.dk\/ps\/?page_id=224"},"modified":"2017-05-16T14:38:38","modified_gmt":"2017-05-16T12:38:38","slug":"vindgrafer","status":"publish","type":"page","link":"https:\/\/tomas.dk\/ps\/vindgrafer\/","title":{"rendered":"Vindgrafer"},"content":{"rendered":"<p>Vind m\u00e5lt over 1 d\u00f8gn<img decoding=\"async\" style=\"line-height: 1.5;\" src=\"https:\/\/tomas.dk\/vejrgraf\/vind24t.png\" alt=\"Vind m\u00e5lt over 1 d\u00f8gn\" \/><\/p>\n<p>Vind m\u00e5lt over 1 uge<img decoding=\"async\" src=\"https:\/\/tomas.dk\/vejrgraf\/vind1u.png\" alt=\"Vind m\u00e5lt over 1 uge\" \/><\/p>\n<p>Vind m\u00e5lt over 1 m\u00e5ned<img decoding=\"async\" src=\"https:\/\/tomas.dk\/vejrgraf\/vind1m.png\" alt=\"Vind m\u00e5lt over 1 m\u00e5ned\" \/><\/p>\n<p>Vind m\u00e5lt over 1 \u00e5r<img decoding=\"async\" src=\"https:\/\/tomas.dk\/vejrgraf\/vind1y.png\" alt=\"Vind m\u00e5lt over 1 \u00e5r\" \/><\/p>\n","protected":false},"excerpt":{"rendered":"<p>Vind m\u00e5lt over 1 d\u00f8gn Vind m\u00e5lt over 1 uge Vind m\u00e5lt over 1 m\u00e5ned Vind m\u00e5lt over 1 \u00e5r<\/p>\n","protected":false},"author":1,"featured_media":0,"parent":0,"menu_order":0,"comment_status":"closed","ping_status":"closed","template":"page-templates\/full-width.php","meta":{"footnotes":""},"class_list":["post-224","page","type-page","status-publish","hentry","entry"],"jetpack_sharing_enabled":true,"_links":{"self":[{"href":"https:\/\/tomas.dk\/ps\/wp-json\/wp\/v2\/pages\/224","targetHints":{"allow":["GET"]}}],"collection":[{"href":"https:\/\/tomas.dk\/ps\/wp-json\/wp\/v2\/pages"}],"about":[{"href":"https:\/\/tomas.dk\/ps\/wp-json\/wp\/v2\/types\/page"}],"author":[{"embeddable":true,"href":"https:\/\/tomas.dk\/ps\/wp-json\/wp\/v2\/users\/1"}],"replies":[{"embeddable":true,"href":"https:\/\/tomas.dk\/ps\/wp-json\/wp\/v2\/comments?post=224"}],"version-history":[{"count":0,"href":"https:\/\/tomas.dk\/ps\/wp-json\/wp\/v2\/pages\/224\/revisions"}],"wp:attachment":[{"href":"https:\/\/tomas.dk\/ps\/wp-json\/wp\/v2\/media?parent=224"}],"curies":[{"name":"wp","href":"https:\/\/api.w.org\/{rel}","templated":true}]}}