{"id":221,"date":"2014-01-08T11:07:30","date_gmt":"2014-01-08T10:07:30","guid":{"rendered":"http:\/\/vejr.tomas.dk\/ps\/?page_id=221"},"modified":"2017-05-16T14:40:00","modified_gmt":"2017-05-16T12:40:00","slug":"temperaturgrafer","status":"publish","type":"page","link":"https:\/\/tomas.dk\/ps\/temperaturgrafer\/","title":{"rendered":"Temperaturgrafer"},"content":{"rendered":"<p>M\u00e5lt over 1 dag<br \/>\n<img decoding=\"async\" src=\"https:\/\/tomas.dk\/vejrgraf\/temp24t.png\" alt=\"Temperatur m\u00e5lt over 24 timer\" \/><\/p>\n<p>M\u00e5lt over 1 uge<br \/>\n<img decoding=\"async\" src=\"https:\/\/tomas.dk\/vejrgraf\/temp1u.png\" alt=\"Temperatur m\u00e5lt over 1 uge\" \/><\/p>\n<p>M\u00e5lt over 1 m\u00e5ned<br \/>\n<img decoding=\"async\" src=\"https:\/\/tomas.dk\/vejrgraf\/temp1m.png\" alt=\"Temperatur m\u00e5lt over 1 m\u00e5ned\" \/><\/p>\n<p>M\u00e5lt over 1 \u00e5r<br \/>\n<img decoding=\"async\" src=\"https:\/\/tomas.dk\/vejrgraf\/temp1y.png\" alt=\"Temperatur m\u00e5lt over 1 \u00e5r\" \/><\/p>\n","protected":false},"excerpt":{"rendered":"<p>M\u00e5lt over 1 dag M\u00e5lt over 1 uge M\u00e5lt over 1 m\u00e5ned M\u00e5lt over 1 \u00e5r<\/p>\n","protected":false},"author":1,"featured_media":0,"parent":0,"menu_order":0,"comment_status":"closed","ping_status":"closed","template":"page-templates\/full-width.php","meta":{"footnotes":""},"class_list":["post-221","page","type-page","status-publish","hentry","entry"],"jetpack_sharing_enabled":true,"_links":{"self":[{"href":"https:\/\/tomas.dk\/ps\/wp-json\/wp\/v2\/pages\/221","targetHints":{"allow":["GET"]}}],"collection":[{"href":"https:\/\/tomas.dk\/ps\/wp-json\/wp\/v2\/pages"}],"about":[{"href":"https:\/\/tomas.dk\/ps\/wp-json\/wp\/v2\/types\/page"}],"author":[{"embeddable":true,"href":"https:\/\/tomas.dk\/ps\/wp-json\/wp\/v2\/users\/1"}],"replies":[{"embeddable":true,"href":"https:\/\/tomas.dk\/ps\/wp-json\/wp\/v2\/comments?post=221"}],"version-history":[{"count":0,"href":"https:\/\/tomas.dk\/ps\/wp-json\/wp\/v2\/pages\/221\/revisions"}],"wp:attachment":[{"href":"https:\/\/tomas.dk\/ps\/wp-json\/wp\/v2\/media?parent=221"}],"curies":[{"name":"wp","href":"https:\/\/api.w.org\/{rel}","templated":true}]}}