{"id":1465,"date":"2017-10-23T12:54:57","date_gmt":"2017-10-23T10:54:57","guid":{"rendered":"https:\/\/tomas.dk\/ps\/?page_id=1465"},"modified":"2018-05-29T13:52:25","modified_gmt":"2018-05-29T11:52:25","slug":"om-bakjensen","status":"publish","type":"page","link":"https:\/\/tomas.dk\/ps\/om-bakjensen\/","title":{"rendered":"Om Bakjensen"},"content":{"rendered":"<p>Indholdet p\u00e5 denne hjemmeside tilsigtes ikke at have st\u00f8dende og ulovligt indhold.<\/p>\n<p>oplever nogen noget af ovenst\u00e5ende, skriv venligst til mig p\u00e5 tcj(at)tomas.dk.<\/p>\n<p>De cookies der bruges p\u00e5 min hjemmeside er udelukkende til internt brug i WordPress eller hos andre der linkes mere eller mindre direkte til. Disse cookies har jeg ingen kontrol over.<\/p>\n<p>GDPR: Jeg bruger ingen af de oplysninger browseren sender til serveren. Der overdrages ej heller informationer til trediepart iflg. min viden. Kontakt mig endelig, hvis du har mistanke om, at det forholder sig anderledes.<\/p>\n<p>Vil du have en oversigt over data min side har indsamlet om dig, s\u00e5 send en mail, s\u00e5 sender jeg et link med ans\u00f8gning om eksport af opsamlede data.<\/p>\n<p>Mail p\u00e5\u00a0tcj(at)tomas.dk<\/p>\n","protected":false},"excerpt":{"rendered":"<p>Indholdet p\u00e5 denne hjemmeside tilsigtes ikke at have st\u00f8dende og ulovligt indhold. oplever nogen noget af ovenst\u00e5ende, skriv venligst til mig p\u00e5 tcj(at)tomas.dk. De cookies der bruges p\u00e5 min hjemmeside er udelukkende til internt brug i WordPress eller hos andre der linkes mere eller mindre direkte til. Disse cookies har jeg ingen kontrol over. GDPR:&hellip; <a class=\"more-link\" href=\"https:\/\/tomas.dk\/ps\/om-bakjensen\/\">L\u00e6s mere <span class=\"screen-reader-text\">Om Bakjensen<\/span><\/a><\/p>\n","protected":false},"author":1,"featured_media":0,"parent":0,"menu_order":0,"comment_status":"closed","ping_status":"closed","template":"","meta":{"footnotes":""},"class_list":["post-1465","page","type-page","status-publish","hentry","entry"],"jetpack_sharing_enabled":true,"_links":{"self":[{"href":"https:\/\/tomas.dk\/ps\/wp-json\/wp\/v2\/pages\/1465","targetHints":{"allow":["GET"]}}],"collection":[{"href":"https:\/\/tomas.dk\/ps\/wp-json\/wp\/v2\/pages"}],"about":[{"href":"https:\/\/tomas.dk\/ps\/wp-json\/wp\/v2\/types\/page"}],"author":[{"embeddable":true,"href":"https:\/\/tomas.dk\/ps\/wp-json\/wp\/v2\/users\/1"}],"replies":[{"embeddable":true,"href":"https:\/\/tomas.dk\/ps\/wp-json\/wp\/v2\/comments?post=1465"}],"version-history":[{"count":0,"href":"https:\/\/tomas.dk\/ps\/wp-json\/wp\/v2\/pages\/1465\/revisions"}],"wp:attachment":[{"href":"https:\/\/tomas.dk\/ps\/wp-json\/wp\/v2\/media?parent=1465"}],"curies":[{"name":"wp","href":"https:\/\/api.w.org\/{rel}","templated":true}]}}